{"id":236,"date":"2006-03-14T01:26:38","date_gmt":"2006-03-14T05:26:38","guid":{"rendered":"http:\/\/www.analizame.cl\/blog\/?page_id=236"},"modified":"2015-10-12T23:30:45","modified_gmt":"2015-10-13T03:30:45","slug":"de-que-se-trata-este-blog-y-quien-lo-escribe","status":"publish","type":"page","link":"https:\/\/www.maza.cl\/blog\/de-que-se-trata-este-blog-y-quien-lo-escribe\/","title":{"rendered":"Sobre este blog"},"content":{"rendered":"<p>Inici\u00e9 este blog en enero de 2005. La idea era escribir de cine y cr\u00edtica de cine, dos temas que siempre me apasionaron. El blog tuvo buenos momentos, gener\u00f3 discusiones interesantes y a la larga muri\u00f3 de muerte natural varias veces, entre el 2010 y el 2015. No result\u00f3. Supongo que muri\u00f3 por la misma raz\u00f3n por la que murieron todos los blogs: porque Facebook y Twitter y las redes sociales transformaron a todo el mundo en un bloguero de s\u00ed mismo, de sus gustos, sus opiniones, de sus fotograf\u00edas y de sus platos de comidas sin que las personas se percataran de eso.<\/p>\n<p>Han pasado los a\u00f1os y me he negado a cerrar este sitio. A estas alturas creo que ya no lo har\u00e9. Es m\u00e1s, supongo que lo dejar\u00e9 funcionando para futuras referencias de quienes lo visiten en el futuro.<\/p>\n<p>Y para publicar lo que me d\u00e9 en gana de vez en cuando.<\/p>\n<p>Gracias por visitar.<\/p>\n<p>Si desean saber algo m\u00e1s sobre este blog, pueden leer la descripci\u00f3n que hice sobre \u00e9l en el 2006. Era la siguiente:<\/p>\n<blockquote><p><span style=\"font-size: 120%;\">De qu\u00e9 se trata este blog<\/span><\/p>\n<p>De cine. De pel\u00edculas. De DVDs. De documentales en el cable. De im\u00e1genes en una pantalla, y de im\u00e1genes que quedan en la memoria. Tambi\u00e9n se trata de cr\u00edtica de cine, o mejor, de las reflexiones que no nos dejan tranquilos despu\u00e9s de haber visto una buena o mala pel\u00edcula. Pero especialmente las buenas (no hay nada m\u00e1s dif\u00edcil que escribir de una buena pel\u00edcula). En este blog tambi\u00e9n se hablan de otras cosas. Y se comenta lo que escriben en otros lados, especialmente en Chile. Porque este blog se escribe desde Chile, Santiago de Chile, y desde donde la vida lo pille a uno, si es que a uno lo pilla en otro lado.<\/p>\n<p><span style=\"font-size: 120%;\">Qui\u00e9n escribe este blog<\/span><\/p>\n[Actualizado: Junio 2009]\n<p>Yo. Me llamo <strong>Gonzalo Maza.<\/strong> Soy periodista. Tengo 33 a\u00f1os. Y a veces escribo, escrib\u00ed, sigo escribiendo, cr\u00edtica de cine en algunos diarios chilenos. Escribo este blog para generar debate y reflexi\u00f3n sobre temas de cine y eventualmente para publicar comentarios y ver qu\u00e9 opina el resto, como una forma de discutir de pel\u00edculas con gente que ve pel\u00edculas. Me interesa la cr\u00edtica de cine desde que soy un un ni\u00f1o, he podido escribir de ella en algunos diarios locales (El Mercurio, en la revista &#8216;Wik\u00e9n&#8217; y en &#8216;Artes y Letras&#8217;) y ahora aparecen mis comentarios todos los jueves en el diario La Tercera.<\/p>\n<p>Tambi\u00e9n soy guionista desde hace unos a\u00f1os. He participado en un pu\u00f1ado de series de TV, desde cap\u00edtulos olvidables de \u00abMujer, rompe el silencio\u00bb hasta las adaptaciones locales \u00abMarried&#8230; with children\u00bb (\u00abCasado con hijos\u00bb) y \u00abThe Office\u00bb (\u00abLa Ofis\u00bb).<\/p>\n<p>Si aparezco en los cr\u00e9ditos de <a title=\"IMDB\" href=\"http:\/\/www.imdb.com\/title\/tt0430776\/\">\u00abXS, la peor talla\u00bb,<\/a> de Jorge L\u00f3pez es porque junto con el gran Luis Ponce construimos la historia (basado en un cuento de Sergio G\u00f3mez), y Luis escribi\u00f3 el gui\u00f3n definitivo, gui\u00f3n que, dicho sea de paso, fue mutilado por el director, quien agreg\u00f3 un rid\u00edculo final con el que nosotros no tuvimos nada que ver. Pero no puedo ser tan malagradecido: gracias a L\u00f3pez <a title=\"IMDB\" href=\"http:\/\/www.imdb.com\/name\/nm1752036\/\">mi nombre aparece en Internet Movie Database.<\/a><\/p>\n<p>Entre diciembre de 2005 y diciembre de 2007 construimos con Sebasti\u00e1n Lelio (&#8216;La sagrada familia&#8217;) el gui\u00f3n de &#8216;Navidad&#8217;, sobre una idea original suya. Lelio dirigi\u00f3 la pel\u00edcula en los primeros meses del 2008, y cuando fue terminada fue seleccionada a participar en la Quincena de Realizadores del Festival de Cannes de 2009. Se estrena en Chile en agosto de 2009.<\/p>\n<p>Mientras, escribo un gui\u00f3n de una pel\u00edcula que pretendo dirigir. Y hago clases en las universidades Diego Portales y de Desarrollo, as\u00ed como en el Instituto Profesional Arcos.<\/p>\n<p>Lo \u00fanico bueno que puedo decir de m\u00ed es que no guardo resentimientos: soy una persona muy feliz, quiz\u00e1s, porque vivo entusiastamente casado desde hace un lustro con una muy bella mujer que no tiene blog, pero que tiene opiniones muy l\u00facidas, sabe dar fiestas, y tiene muy buena m\u00fasica en su computador, entre otras innumerables gracias.<\/p>\n<p>Todo el mundo tiene un pasado: en el m\u00edo, fui editor en El Mercurio de las revistas <strong>Zona de Contacto<\/strong> y <strong>Tim\u00f3n<\/strong> (don&#8217;t ask). Tambi\u00e9n he sido editor de siete libros, a saber: <strong>\u00abChancho Cero, el libro\u00bb<\/strong> (El Mercurio, 2002) de Pedro Peirano; <strong>\u00abEl libro verde de Juan Carlos Bodoque\u00bb<\/strong> (Aplaplac, 2004), sobre el conejo felpudo y superestrella de \u00ab31 minutos\u00bb, libro que era rojo y estuvo diez semanas en el ranking de \u00abRevista de Libros\u00bb; <strong>\u00abEl libro rojo de Juan Carlos Bodoque\u00bb<\/strong> (Aplaplac, 2005), que era verde; <strong>\u00abChao no m\u00e1s\u00bb<\/strong> (Aplaplac, 2006) de Hervi; <strong>\u00abChancho Cero\u00bb<\/strong> (Aplaplac, 2006), el doble de grande (y con el de doble de aventuras) del primero; y <strong>\u00abLa calma despu\u00e9s de la tormenta\u00bb<\/strong> (Aplaplac, 2006) del gran Rodrigo Salinas. El \u00faltimo libro que edit\u00e9 es una joyita llamada <strong>\u00abMira T\u00fa, el libro\u00bb<\/strong>, de Juan Pablo Barros, un magn\u00edfico volumen de m\u00e1s de 400 p\u00e1ginas y tapas duras sobre la historia m\u00e1s oculta, m\u00e1s divertida y m\u00e1s trivial y profunda de Chile. El libro es una total rareza: es un <em>companion<\/em> de una serie de TV de igual nombre, protagonizada por Blanca Lewin, N\u00e9stor Cantillana y V\u00edctor Rojas, para la cual trabaj\u00e9 en la producci\u00f3n ejecutiva y en los guiones.<\/p>\n<p>Si alguien desea dejarme un recado, puede hacerlo en los espacios de comentarios de este blog. Si alguien insiste en contactarme sin tanta publicidad, mi correo es gmaza [@] analizame.cl<\/p>\n<p>Y si alguien desea saberlo, creo que fui el primer blogger chileno, <a title=\"El Imb\u00e9cil Virtual (1999)\" href=\"http:\/\/www.geocities.com\/gmaza99\/archivos.html\">y tengo pruebas para demostrarlo. <\/a><\/p><\/blockquote>\n","protected":false},"excerpt":{"rendered":"<p>Inici\u00e9 este blog en enero de 2005. La idea era escribir de cine y cr\u00edtica de cine, dos temas que siempre me apasionaron. El blog tuvo buenos momentos, gener\u00f3 discusiones interesantes y a la larga muri\u00f3 de muerte natural varias veces, entre el 2010 y el 2015. No result\u00f3. Supongo que muri\u00f3 por la misma [&hellip;]<\/p>\n","protected":false},"author":1,"featured_media":0,"parent":0,"menu_order":0,"comment_status":"open","ping_status":"closed","template":"","meta":{"_seopress_robots_primary_cat":"","_seopress_titles_title":"","_seopress_titles_desc":"","_seopress_robots_index":"","footnotes":""},"class_list":["post-236","page","type-page","status-publish","hentry"],"_links":{"self":[{"href":"https:\/\/www.maza.cl\/blog\/wp-json\/wp\/v2\/pages\/236","targetHints":{"allow":["GET"]}}],"collection":[{"href":"https:\/\/www.maza.cl\/blog\/wp-json\/wp\/v2\/pages"}],"about":[{"href":"https:\/\/www.maza.cl\/blog\/wp-json\/wp\/v2\/types\/page"}],"author":[{"embeddable":true,"href":"https:\/\/www.maza.cl\/blog\/wp-json\/wp\/v2\/users\/1"}],"replies":[{"embeddable":true,"href":"https:\/\/www.maza.cl\/blog\/wp-json\/wp\/v2\/comments?post=236"}],"version-history":[{"count":6,"href":"https:\/\/www.maza.cl\/blog\/wp-json\/wp\/v2\/pages\/236\/revisions"}],"predecessor-version":[{"id":2626,"href":"https:\/\/www.maza.cl\/blog\/wp-json\/wp\/v2\/pages\/236\/revisions\/2626"}],"wp:attachment":[{"href":"https:\/\/www.maza.cl\/blog\/wp-json\/wp\/v2\/media?parent=236"}],"curies":[{"name":"wp","href":"https:\/\/api.w.org\/{rel}","templated":true}]}}